{"id":18,"date":"2017-02-14T13:46:31","date_gmt":"2017-02-14T12:46:31","guid":{"rendered":"http:\/\/localhost\/wpp\/?page_id=18"},"modified":"2017-03-26T21:43:12","modified_gmt":"2017-03-26T19:43:12","slug":"rys-historyczny","status":"publish","type":"page","link":"https:\/\/parafiateresa.pl\/?page_id=18","title":{"rendered":"Rys historyczny"},"content":{"rendered":"<p>Kronikarz polski ks. Jan D\u0142ugosz wspomina o D\u017abowie jako wsi kr\u00f3lewskiej w \u201eLiber beneficiorum\u201d ok. roku 1470.<\/p>\n<p>Od 1474 lud tutejszy nale\u017ca\u0142 do parafii \u015bw. Zygmunta. W 1533 r. wie\u015b liczy\u0142a dziewi\u0119ciu kmieci. Ju\u017c w XVI i XVII w. pracowa\u0142y tu zak\u0142ady wydobywania rudy i przetapiania, dlatego nazwy Ku\u017anica czy Ruda. Kr\u00f3l Zygmunt I Stary w 1520 r. nada\u0142 przywileje Ku\u017anicy. Henryk Sienkiewicz wspomina w \u201ePotopie\u201d o Dybowie. W 1768 m\u0142yn w Dybowie nale\u017ca\u0142 do J\u00f3zefa Polaczkiewicza. W 1834 wie\u015b liczy\u0142a 63 domy i 440 mieszka\u0144c\u00f3w. Pierwsza szko\u0142a elementarna w D\u017abowie powsta\u0142a na prze\u0142omie 1818\/1819, uposa\u017cona z par. \u015bw. Zygmunta. Pierwszym nauczycielem w D\u017abowie by\u0142 Ignacy Radzikowski. W czasach Kr\u00f3lestwa Polskiego Cz\u0119stochowa z okolic\u0105 nale\u017c\u0105 do powiatu wielu\u0144skiego, woj. Kaliskiego, a od 1846 gmina D\u017ab\u00f3w z siedzib\u0105 w Ostrowach nale\u017ca\u0142a do guberni warszawskiej. Pierwsza poczta w Ostrowcach, stra\u017ce w D\u017abowie i Ku\u017anicy.<\/p>\n<p>W 1863 roku ch\u0142opi z D\u017abowa uzbrojenie przez policj\u0119 carsk\u0105 denuncjowali powsta\u0144c\u00f3w styczniowych.<\/p>\n<p>Od 1867 r. D\u017ab\u00f3w nale\u017cy do guberni piotrkowskiej pow. Cz\u0119stochowa.<\/p>\n<p>Od 1181 r. na terenie Gm. D\u017ab\u00f3w s\u0105: fabryka odlew\u00f3w \u017celaznych, dwa tartaki parowy i wodny, jednak szko\u0142a. D\u017ab\u00f3w liczy 3.363 mieszka\u0144c\u00f3w. S\u0105d okr\u0119gowy by\u0142 w Kamienicy Polskiej.<\/p>\n<p>W 1891 r. powsta\u0142a parafia \u015bw. Barbary. W 1900 r. D\u017ab\u00f3w liczy 1.438 mieszka\u0144c\u00f3w i posiada 160 budynk\u00f3w, uprawiano 1.475 morg\u00f3w ziemi, a folwark posiada\u0142 180 morg\u00f3w. W 1910 r. do gminy D\u017ab\u00f3w nale\u017ca\u0142o 9 wsi, by\u0142y 3 szko\u0142y, a ju\u017c w 1917 &#8211; 9 szk\u00f3\u0142. W roku 1917 gmina D\u017ab\u00f3w liczy ju\u017c 8.611 mieszka\u0144c\u00f3w.<\/p>\n<p>Po I Wojnie \u015awiatowej Gm. D\u017ab\u00f3w wraz z Cz\u0119stochow\u0105 wesz\u0142y do woj. Kieleckiego. W 1918r. maj\u0105tki zaborc\u00f3w i donacje zosta\u0142y w\u0142\u0105czone do Skarbu Pa\u0144stwa. Ju\u017c w 1900 w okr\u0119gu cz\u0119stochowskim koncentruje si\u0119 70% wydobycia rudy \u017celaza w Polsce., kopalnie i huta pod zarz\u0105dem Towarzystwa G\u00f3rniczo-Hutniczego B. Hantke. W 1931 ludno\u015b\u0107 gm. D\u017ab\u00f3V liczy ok. 12.500 mieszka\u0144c\u00f3w.<\/p>\n<p>Mieszka\u0144cy D\u017abowa ju\u017c w 1935 czynili starania u ks. bpa Teodora Kubiny w Cz\u0119stochowie, o utworzenie nowej parafii z par. \u015bw. Barbary, do kt\u00f3rej by\u0142o 8 km. W dniu 14 lipca 1937 r. ks. bp. Antoni Zimniak, erygowa\u0142 w D\u017abowie ekspozytur\u0119 pw. \u015aw. Teresy od Dzieci\u0105tka Jezus, a pierwszym duszpasterzem zosta\u0142 ks. Stanis\u0142aw Guzik, by\u0142y wikariusz z Wielunia. Pierwsza kaplica powsta\u0142a w by\u0142ej szkole. D\u017ab\u00f3w liczy\u0142 wtedy 3.000 wiernych. Po\u015bwi\u0119cenia kaplicy i wprowadzenia ks. Stanis\u0142awa Guzika dokona\u0142 proboszcz \u015bw. Barbary ks. Marian Nassalski dn. 22 sierpnia 1937r. A 17 pa\u017adziernika 1937r. z Jasnej G\u00f3ry przez ko\u015bci\u00f3\u0142 \u015bw. Barbary ok. 5.000 ludzi wnios\u0142o obraz \u015bw. Teresy od Dzieci\u0105tka Jezus do D\u017abowa. Obraz namalowa\u0142 krakowski malarz W. Radoli\u0144ski (fundacja Endecji z Cz\u0119stochowy), po\u015bwi\u0119ci\u0142 O. gen. Pius Prze\u017adziecki w kaplicy Matki Bo\u017cej, a procesj\u0119 prowadzi\u0142 ks. Marian Rzeszowski ze \u015bw. Barbary, mimo deszczu i zimna.<\/p>\n<p>Ju\u017c w 1938r. Oddzia\u0142 Rolnictwa i Reform Rolnych Urz\u0119du Wojew\u00f3dzkiego w Kielcach obieca\u0142 3 ha ziemi pod ko\u015bci\u00f3\u0142 w Dybowie. Projekt ko\u015bcio\u0142a opracowa\u0142 in\u017c. Arch. Witold K\u0142\u0119bkowski z Katowic, jako trzynawowy na wz\u00f3r bazyliki starochrze\u015bcija\u0144skiej. Dnia 21 sierpnia 1938r. powsta\u0142 Komitet Budowy Ko\u015bcio\u0142a. Do wrze\u015bnia 1939 zbudowano ju\u017c mury na ok. 4 m wysoko\u015bci, kt\u00f3re hitlerowcy rozebrali, a materia\u0142 przeznaczyli dla pobliskiego maj\u0105tku.<\/p>\n<p>Po wojnie duszpasterzem zosta\u0142 ks. Franciszek R\u0105pa\u0142a. Pierwszego pa\u017adziernika 1946 roku ks. bp Teodor Kubina po\u015bwi\u0119ci\u0142 kaplic\u0119 razem z mieszkaniem dla ksi\u0119dza. Nowy ks. proboszcz Gustaw Musia\u0142 w 1949 r. za\u0142o\u017cy\u0142 cmentarz o pow. 1,5 ha. Konsekracji dzwon\u00f3w w kaplicy dokona\u0142 ks. bp Zdzis\u0142aw Goli\u0144ski 16 grudnia 1951 roku. Rozbudow\u0119 kaplicy a w\u0142a\u015bciwie budow\u0119 nowego ko\u015bcio\u0142a rozpocz\u0105\u0142 ks. Gustaw Musia\u0142 w marcu 1957, a wcze\u015bniej 4 marca 1957 r. ks. bp Zdzis\u0142aw Goli\u0144ski utworzy\u0142 parafi\u0119. Autorami nowego projektu ko\u015bcio\u0142a byli in\u017c. W\u0142adys\u0142aw Kobzdej, Jan Bajda i Wiktor Samotyj. Pracami kierowa\u0142 in\u017c. Z Cz\u0119stochowy Stanis\u0142aw Szczepanik. Parafianie wsp\u00f3lnie ci\u0119\u017ck\u0105 prac\u0105 i ofiarami wznie\u015bli ko\u015bci\u00f3\u0142. Ju\u017c 12 pa\u017adziernika 1958 roku ks. bp Stanis\u0142aw Czajka po\u015bwi\u0119ci\u0142 stan surowy \u015bwi\u0105tyni. R\u00f3wnocze\u015bnie w latach 1958-1962 budowano plebani\u0119. Witra\u017ce wykona\u0142a pani mgr Barbara Massalska z Gda\u0144ska, Ostatni\u0105 Wieczerz\u0119 i Drog\u0119 Krzy\u017cow\u0105 mgr Stanis\u0142aw Mizerski z Gda\u0144ska a tak\u017ce sceny z \u017cycia \u015bw. Teresy. Otwarcie i po\u015bwi\u0119cenie Drogi Krzy\u017cowej odby\u0142o si\u0119 5 marca 1965r. Organy lO-o g\u0142osowe wykona\u0142 Marian Saganowski z Poznania. Konsekracji ko\u015bcio\u0142a dokona\u0142 ks. bp Franciszek Musiel 9 pa\u017adziernika 1966 roku. W latach 70-tych powi\u0119kszono cmentarz grzebalny kupuj\u0105c dzia\u0142ki od p. Genowefy Ujmy i Boles\u0142awa Lestera. Obok cmentarza wybudowano dom-kalic\u0119 przedpogrzebow\u0105.<\/p>\n<p>Ks. Stanis\u0142aw Guzik urodzony 18 listopada 1905 roku w Przes\u0142awicach w parafii Koniusza pow. Miech\u00f3w, sko\u0144czy\u0142 Seminarium Duchowne w Krakowie, \u015bwi\u0119cenia otrzyma\u0142 na Jasnej G\u00f3rze w 1932r. zosta\u0142 pierwszym duszpasterzem Ludu D\u017abowa 22 sierpnia 1937 roku. Rozpocz\u0105\u0142 bardzo owocne prace duszpasterskie. By\u0142 te\u017c przyjacielem i opiekunem konspirant\u00f3w i partyzant\u00f3w. Patriota i dzia\u0142acz spo\u0142eczny.<\/p>\n<p>W dniu 17 listopada 1943 r. partyzanci wykonali wyrok w maj\u0105tku na zarz\u0105dcy J\u00f3zefie Kesslingerze, kt\u00f3ry by\u0142 oprawc\u0105 \u017cyd\u00f3w w getcie cz\u0119stochowskim na Zawodziu, mimo upomnie\u0144 nie zaprzesta\u0142 mordowa\u0107 \u017byd\u00f3w na rozkaz Gestapo. W odwecie hitlerowcy za zgoda Hansa Franka Gubernatora w Krakowie wzi\u0119li 20 wi\u0119\u017ani\u00f3w z wi\u0119zienia w Lubli\u0144cu i 10-ciu powiesili na placu przyko\u015bcielnym, wobec zwo\u0142anych pod przymusem Polak\u00f3w, a tak\u017ce dzieci w dniu 26 listopada 1943r. dow\u00f3dc\u0105 egzekucji by\u0142 szef Gestapo z Blachowni Mathias Chriestiansen z Gestapo z Opola. Nast\u0119pnie 10-ciu powieszono na Sadzie M\u0142y\u0144skiej w Gnaszynie 24 kwietnia 1944r.<\/p>\n<p>Ju\u017c Niemcy byli wyczuleni na D\u017ab\u00f3w. Zdrajca wyda\u0142 im list\u0119 partyzant\u00f3w w tym tak\u017ce ks. Stanis\u0142awa Guzika. W pa\u017adzierniku 1944 przeprowadzili rewizj\u0119 na plebanii przy ul. Le\u015bnej i znale\u017ali \u015blady po partyzantach. Nast\u0119pnego dnia rano przyjechali po ksi\u0119dza (prawdopodobnie 22 pa\u017adziernika 1944r.) i aresztowali go. Droga Krzyzowa Konopiska &#8211; Blachownia &#8211; Lubliniec &#8211; Gross &#8211; Rosen &#8211; Rogo\u017anik &#8211; Dora -Northausen, gdzie w obozie zmar\u0142 10 marca 1945r. o godz. 01:30. W grudniu 1944r. ks. bp Teodor Kubina przys\u0142a\u0142 do parafii pasjonist\u0119 O. J. Dzirowskiego. W czerwcu za\u015b przyby\u0142 ks. Franciszek Rapa\u0142a. W 1949 do pracy wielkiej przyby\u0142 Gustaw Musia\u0142. W czasach stalinizmu wybudowa\u0142 z Ludem ko\u015bci\u00f3\u0142. Do 1953r. uczy\u0142 religii w szkole, a potem przy ko\u015bciele, gdy wyrzucono religi\u0119 ze szk\u00f3\u0142.<\/p>\n<p>Nawiedzenia Kopii Cudownego Obrazu N. Maryi i Panny Cz\u0119stochowskiej by\u0142o 31 stycznia 1980r., pod przewodnictwem ks. bp Tadeusza Szwagrzyka. Parafianie ufundowali tabernakulum Panu Jezusowi w Naj\u015bwi\u0119tszym Sakramencie.<\/p>\n<p>17.04.1988r. ks. bp Stanis\u0142aw Nowak z naszej paraf. Wydzieli\u0142 now\u0105 parafi\u0119 Nawr\u00f3cenia \u015awi\u0119tego Paw\u0142a Aposto\u0142a, a 24 lipca 2003r. parafi\u0119 \u015awi\u0119tej Kingi na ku\u017anicy.<\/p>\n<p>Nawiedzenie relikwii \u015bw. Teresy od Dzieci\u0105tka Jezus &#8211; 17 czerwca 2005 roku. Nawiedzenie Obrazu Pana Jezusa Mi\u0142osierdzia &#8211; sobota 14 grudnia 2002 roku. Po\u015bwi\u0119cenie Krzy\u017ca Misyjnego na Osiedlu &#8211; 10 kwietnia 2011 roku.<\/p>\n<p>Nawiedzenie relikwii Krzy\u017ca \u015bw. &#8211; 4 kwietnia 2011 roku.<\/p>\n<p>Osiedle G\u00f3rnicze \u201eD\u017ab\u00f3w\u201d wybudowano w latach 1950, a w zwi\u0105zku z nim powsta\u0142o Przedszkole &#8211; 1 wrze\u015bnia 1950 roku.<\/p>\n<p>Pierwsza ku\u017anica w Dybowie od XVI wieku. Miko\u0142aj Wolski urodzony w 1549 r. wychowany na dworze Habsburg\u00f3w. Przemys\u0142owe wydobycie rudy rozpocz\u0119to od 1897 r. w D\u017abowie. Powsta\u0142o Towarzystwo Przemys\u0142owe Brand Hantke. Od 1945 w\u0142adze PRL-u wzmog\u0142y wydobycie rudy dla potrzeb odbudowy kraju ale te\u017c dla zbroje\u0144 Uk\u0142adu Warszawskiego, kt\u00f3ry do roku 1985 zagra\u017ca\u0142 napa\u015bci\u0105 na bogaty Zach\u00f3d Europy i rozp\u0119taniem III wojny \u015bwiatowej. Kopalnie zamykano ostatecznie od 1 lipca 1971 do pocz\u0105tku 1974 roku. W g\u0142\u0119bi ziemi pozostawiono wielki maj\u0105tek wyposa\u017cenia kopal\u0144. Tud tutejszy ci\u0119\u017cko pracowa\u0142 w kopalniach rudy a potem w kopalniach \u015bl\u0105ska.<\/p>\n<p>W XX wieku hitleryzm \u201epo\u017car\u0142\u201d 65 milion\u00f3w a komunizm 115 milion\u00f3w istnie\u0144 ludzkich.<\/p>\n<p>Opra\u0107. Na podstawie \u017ar\u00f3de\u0142:<br \/>\n<i>Kroniki dzielnic Cz\u0119stochowy \u201eD\u017ab\u00f3w\u201d<\/i>, El\u017cbieta Gumu\u0142a, Barbara Rusinek-Nowak<br \/>\n<i>Dzieje parafii D\u017ab\u00f3w<\/i>, mgr Agnieszka Wikli\u0144ska &#8211; d\u017abowianka, czestochowa 1996<br \/>\n<i>Konopiska i okolice<\/i>, Barbara Herba, Cz\u0119stochowa 2011<br \/>\n<i>Dzieje Konopiska i okolic<\/i>, Barbra Herba, Konopiska 2004<\/p>\n","protected":false},"excerpt":{"rendered":"<p>Kronikarz polski ks. Jan D\u0142ugosz wspomina o D\u017abowie jako wsi kr\u00f3lewskiej w \u201eLiber beneficiorum\u201d ok. roku 1470. Od 1474 lud tutejszy nale\u017ca\u0142 do parafii \u015bw. Zygmunta. W 1533 r. wie\u015b liczy\u0142a dziewi\u0119ciu kmieci. Ju\u017c w XVI i XVII w. pracowa\u0142y tu zak\u0142ady wydobywania rudy i przetapiania, dlatego nazwy Ku\u017anica czy Ruda. Kr\u00f3l Zygmunt I Stary [&hellip;]<\/p>\n","protected":false},"author":1,"featured_media":0,"parent":0,"menu_order":0,"comment_status":"closed","ping_status":"closed","template":"","meta":{"footnotes":""},"class_list":["post-18","page","type-page","status-publish","hentry"],"_links":{"self":[{"href":"https:\/\/parafiateresa.pl\/index.php?rest_route=\/wp\/v2\/pages\/18"}],"collection":[{"href":"https:\/\/parafiateresa.pl\/index.php?rest_route=\/wp\/v2\/pages"}],"about":[{"href":"https:\/\/parafiateresa.pl\/index.php?rest_route=\/wp\/v2\/types\/page"}],"author":[{"embeddable":true,"href":"https:\/\/parafiateresa.pl\/index.php?rest_route=\/wp\/v2\/users\/1"}],"replies":[{"embeddable":true,"href":"https:\/\/parafiateresa.pl\/index.php?rest_route=%2Fwp%2Fv2%2Fcomments&post=18"}],"version-history":[{"count":3,"href":"https:\/\/parafiateresa.pl\/index.php?rest_route=\/wp\/v2\/pages\/18\/revisions"}],"predecessor-version":[{"id":853,"href":"https:\/\/parafiateresa.pl\/index.php?rest_route=\/wp\/v2\/pages\/18\/revisions\/853"}],"wp:attachment":[{"href":"https:\/\/parafiateresa.pl\/index.php?rest_route=%2Fwp%2Fv2%2Fmedia&parent=18"}],"curies":[{"name":"wp","href":"https:\/\/api.w.org\/{rel}","templated":true}]}}