{"id":16,"date":"2017-02-14T13:43:43","date_gmt":"2017-02-14T12:43:43","guid":{"rendered":"http:\/\/localhost\/wpp\/?page_id=16"},"modified":"2020-07-17T18:56:27","modified_gmt":"2020-07-17T16:56:27","slug":"kontakt","status":"publish","type":"page","link":"https:\/\/parafiateresa.pl\/?page_id=16","title":{"rendered":"Kontakt"},"content":{"rendered":"<p><strong>Parafia Katolicka<\/strong><\/p>\n<p><strong>\u015aw. Teresy od Dzieci\u0105tka Jezus<\/strong><\/p>\n<p><strong>w Cz\u0119stochowie<\/strong><\/p>\n<p>42 \u2013 271 Cz\u0119stochowa<\/p>\n<p>ul. Go\u015bcinna 2<\/p>\n<p><strong>505 820 600<\/strong><\/p>\n","protected":false},"excerpt":{"rendered":"<p>Parafia Katolicka \u015aw. Teresy od Dzieci\u0105tka Jezus w Cz\u0119stochowie 42 \u2013 271 Cz\u0119stochowa ul. Go\u015bcinna 2 505 820 600<\/p>\n","protected":false},"author":1,"featured_media":0,"parent":0,"menu_order":0,"comment_status":"closed","ping_status":"closed","template":"","meta":{"footnotes":""},"class_list":["post-16","page","type-page","status-publish","hentry"],"_links":{"self":[{"href":"https:\/\/parafiateresa.pl\/index.php?rest_route=\/wp\/v2\/pages\/16"}],"collection":[{"href":"https:\/\/parafiateresa.pl\/index.php?rest_route=\/wp\/v2\/pages"}],"about":[{"href":"https:\/\/parafiateresa.pl\/index.php?rest_route=\/wp\/v2\/types\/page"}],"author":[{"embeddable":true,"href":"https:\/\/parafiateresa.pl\/index.php?rest_route=\/wp\/v2\/users\/1"}],"replies":[{"embeddable":true,"href":"https:\/\/parafiateresa.pl\/index.php?rest_route=%2Fwp%2Fv2%2Fcomments&post=16"}],"version-history":[{"count":6,"href":"https:\/\/parafiateresa.pl\/index.php?rest_route=\/wp\/v2\/pages\/16\/revisions"}],"predecessor-version":[{"id":2059,"href":"https:\/\/parafiateresa.pl\/index.php?rest_route=\/wp\/v2\/pages\/16\/revisions\/2059"}],"wp:attachment":[{"href":"https:\/\/parafiateresa.pl\/index.php?rest_route=%2Fwp%2Fv2%2Fmedia&parent=16"}],"curies":[{"name":"wp","href":"https:\/\/api.w.org\/{rel}","templated":true}]}}